{"id":106,"date":"2025-02-27T10:48:39","date_gmt":"2025-02-27T10:48:39","guid":{"rendered":"https:\/\/cherry.dk\/?page_id=106"},"modified":"2025-04-23T06:00:40","modified_gmt":"2025-04-23T06:00:40","slug":"forside","status":"publish","type":"page","link":"https:\/\/cherry.dk\/da\/","title":{"rendered":"Forside"},"content":{"rendered":"<p class=\"lead mt-4 text-white\">F\u00e5 flere kunder med \u00e9n samlet l\u00f8sning til marketing, web og apps \u2013 m\u00e5lrettet v\u00e6kst, konvertering og synlighed.<\/p>\n<div class=\"d-flex flex-row gap-3 mt-4\"><a id=\"btn-prisestimat\" class=\"btn btn-danger btn-lg mt-2\" href=\"\/faa-et-prisestimat\/\" type=\"button\"><br \/>\nF\u00e5 et prisestimat<\/a><br \/>\n<a id=\"btn-forside-top\" class=\"btn btn-outline-danger btn-lg mt-2\" href=\"\/cases\/\"> Vores cases <i class=\"bi bi-arrow-right\"><\/i><\/a><\/div>\n","protected":false},"excerpt":{"rendered":"<p>F\u00e5 flere kunder med \u00e9n samlet l\u00f8sning til marketing, web og apps \u2013 m\u00e5lrettet v\u00e6kst, konvertering og synlighed. F\u00e5 et prisestimat Vores cases<\/p>\n","protected":false},"author":1,"featured_media":0,"parent":0,"menu_order":0,"comment_status":"closed","ping_status":"closed","template":"Forside-Template.php","meta":{"_acf_changed":false,"inline_featured_image":false,"footnotes":""},"categories":[],"tags":[],"class_list":["post-106","page","type-page","status-publish","hentry"],"translation":{"provider":"WPGlobus","version":"3.0.2","language":"da","enabled_languages":["en","da"],"languages":{"en":{"title":true,"content":true,"excerpt":false},"da":{"title":false,"content":false,"excerpt":false}}},"acf":{"overskrift_1":"SEO","tekst_1":"<p>Bliv fundet af de rigtige kunder! Vi optimerer din hjemmeside med m\u00e5lrettet SEO, skarp s\u00f8geordsanalyse og st\u00e6rk linkbuilding, s\u00e5 du opn\u00e5r bedre placeringer og flere kunder.<\/p>\n","link_1":"https:\/\/cherry.dk\/da\/services\/seo\/","overskrift_2":"Hjemmeside","tekst_2":"<p>Vi designer og udvikler lynhurtige, brugervenlige og mobilvenlige hjemmesider, der styrker din online tilstedev\u00e6relse. Som WordPress-specialister skaber vi konverteringsoptimerede l\u00f8sninger, der sikrer, at din virksomhed vokser.<\/p>\n","link_2":"https:\/\/cherry.dk\/da\/services\/hjemmeside\/","overskrift_3":"Google Ads","tekst_3":"<p>Maksim\u00e9r din synlighed og skab m\u00e5lbare resultater! Vi ops\u00e6tter og optimerer dine Google Ads-kampagner, s\u00e5 du f\u00e5r maksimal v\u00e6rdi for dit budget og tiltr\u00e6kker k\u00f8beklare kunder, der konverterer.<\/p>\n","link_3":"https:\/\/cherry.dk\/da\/services\/google-ads\/","overskrift_4":"Sociale Medier","tekst_4":"<p>F\u00e5 SoMe til at skabe salg \u2013 ikke bare likes! Vi udvikler knivskarpe annoncer og engagerende indhold p\u00e5 LinkedIn, Facebook, Instagram og TikTok, der ikke bare booster din synlighed \u2013 men leverer kunder, leads og oms\u00e6tning.<\/p>\n","link_4":"https:\/\/cherry.dk\/da\/services\/sociale-medier\/","overskrift_5":"Webshop","tekst_5":"<p>Vi bygger effektive og brugervenlige e-handelsl\u00f8sninger, der sikrer en problemfri k\u00f8bsoplevelse. Som certificeret Shopify Partner og WordPress-eksperter udvikler vi konverteringsst\u00e6rke webshops, der s\u00e6lger.<\/p>\n","link_5":"https:\/\/cherry.dk\/da\/services\/webshop\/","overskrift_6":"Appudvikling","tekst_6":"<p>G\u00f8r din id\u00e9 til en app, der driver v\u00e6kst! Vi udvikler skr\u00e6ddersyede iOS-apps med intuitivt design og h\u00f8j performance, der engagerer brugere og styrker din digitale forretning.<\/p>\n","link_6":"https:\/\/cherry.dk\/da\/services\/ios-appudvikling\/","billede_11":false,"tekst_11":"","page_sections":[{"acf_fc_layout":"service_section","billede_":"https:\/\/cherry.dk\/wp-content\/uploads\/2025\/02\/Shopify_1.jpg","overskrift_":"F\u00e5 et prisestimat p\u00e5 din nye l\u00f8sning","tekst_":"<p>F\u00e5 den optimale l\u00f8sning til din virksomhed med skr\u00e6ddersyet webudvikling, markedsf\u00f8ring, drift og support \u2013 alt samlet \u00e9t sted. Vi hj\u00e6lper dig med at skabe v\u00e6kst, s\u00e5 du kan fokusere p\u00e5 det, du g\u00f8r bedst.<\/p>\n<ul class=\"list-unstyled\">\n<li>\n<div class=\"check-icon-wrapper\">\n<div class=\"check-icon\"><\/div>\n<div class=\"check-text\"><strong>Full-service digitalt bureau<\/strong> \u2013 Vi d\u00e6kker hele vejen rundt.<\/div>\n<\/div>\n<\/li>\n<li>\n<div class=\"check-icon-wrapper\">\n<div class=\"check-icon\"><\/div>\n<div class=\"check-text\"><strong>Glade kunder<\/strong> \u2013 Dokumenteret succes.<\/div>\n<\/div>\n<\/li>\n<li>\n<div class=\"check-icon-wrapper\">\n<div class=\"check-icon\"><\/div>\n<div class=\"check-text\"><strong>Gennemsigtige priser<\/strong> \u2013 Professionel indsats til gode priser.<\/div>\n<\/div>\n<\/li>\n<\/ul>\n<div class=\"d-grid gap-3 d-sm-flex mt-4\"><a class=\"btn btn-danger btn-lg mt-2\" href=\"\/faa-et-prisestimat\/\">Pr\u00f8v vores prisberegner<\/a><a class=\"btn btn-outline-danger btn-lg mt-2\" href=\"#\" data-bs-toggle=\"modal\" data-bs-target=\"#BookMoede\">Book et m\u00f8de<\/a><\/div>\n"},{"acf_fc_layout":"kundeudtalelser_sektion","vis_kundeudtalelser":true},{"acf_fc_layout":"kundelogoer_sektion","vis_kundelogoer":true},{"acf_fc_layout":"service_section","billede_":"https:\/\/cherry.dk\/wp-content\/uploads\/2025\/02\/Saunagusguide_top.jpg","overskrift_":"Cherry er dit professionelle marketing & webbureau","tekst_":"<p>At drive en succesfuld hjemmeside eller webshop kr\u00e6ver mere end blot en flot platform \u2013 det handler om synlighed, optimering og drift. Hos Cherry samler vi alt, hvad du har brug for, p\u00e5 \u00e9t sted, s\u00e5 du kan fokusere p\u00e5 din forretning, mens vi sikrer din v\u00e6kst.<\/p>\n<ul class=\"list-unstyled\">\n<li>\n<div class=\"check-icon-wrapper\">\n<div class=\"check-icon\"><\/div>\n<div class=\"check-text\"><strong>Flere kunder<\/strong> \u2013 Vi g\u00f8r din virksomhed synlig og tiltr\u00e6kker de rette m\u00e5lgrupper.<\/div>\n<\/div>\n<\/li>\n<li>\n<div class=\"check-icon-wrapper\">\n<div class=\"check-icon\"><\/div>\n<div class=\"check-text\"><strong>Maksimal v\u00e6kst<\/strong> \u2013 Gennem datadrevet optimering skaber vi resultater, der kan m\u00e6rkes.<\/div>\n<\/div>\n<\/li>\n<li>\n<div class=\"check-icon-wrapper\">\n<div class=\"check-icon\"><\/div>\n<div class=\"check-text\"><strong>Problemfri drift<\/strong> \u2013 Vi h\u00e5ndterer teknikken, s\u00e5 du kan drive din forretning uden bekymringer.<\/div>\n<\/div>\n<\/li>\n<li>\n<div class=\"check-icon-wrapper\">\n<div class=\"check-icon\"><\/div>\n<div class=\"check-text\"><strong>Skr\u00e6ddersyede l\u00f8sninger<\/strong> \u2013 Webudvikling, markedsf\u00f8ring, appudvikling &amp; support samlet \u00e9t sted.<\/div>\n<\/div>\n<\/li>\n<\/ul>\n<div class=\"d-grid gap-3 d-sm-flex mt-4\"><a class=\"btn btn-danger btn-lg mt-2\" href=\"\/team\/\">L\u00e6r os bedre at kende<\/a><a class=\"btn btn-outline-danger btn-lg mt-2\" href=\"#\" data-bs-toggle=\"modal\" data-bs-target=\"#BookMoede\">Book et m\u00f8de<\/a><\/div>\n"},{"acf_fc_layout":"statistics_section","overskrift_1":"Dokumenterede resultater der skaber v\u00e6kst","tekst_1":"<p>Vores strategier har hjulpet virksomheder med at \u00f8ge deres trafik, konverteringer og afkast markant. Uanset om det handler om SEO, betalt annoncering, webudvikling eller app-udvikling, leverer vi m\u00e5lbare resultater, der g\u00f8r en forskel.<\/p>\n<p>Vi sikrer, at din online tilstedev\u00e6relse er optimeret p\u00e5 alle niveauer \u2013 fra synlighed p\u00e5 Google til en brugervenlig og konverteringsklar hjemmeside eller app.<\/p>\n<div class=\"d-grid gap-3 d-sm-flex mt-4\"><a class=\"btn btn-danger btn-lg mt-2\" href=\"\/cases\" type=\"button\">Se vores cases<\/a><a class=\"btn btn-outline-danger btn-lg mt-2\" href=\"#\" data-bs-toggle=\"modal\" data-bs-target=\"#BookMoede\">Book et m\u00f8de<\/a><\/div>\n","statistik_boks":[{"statistik_tal":"640","statistik_procent":"%","statistik_beskrivelse":"Stigning i organisk trafik hos Green"},{"statistik_tal":"77","statistik_procent":"%","statistik_beskrivelse":"Flere s\u00f8geord i top 3 hos Telerepair"},{"statistik_tal":"211","statistik_procent":"%","statistik_beskrivelse":"Flere s\u00f8geord hos Bettyzoo"},{"statistik_tal":"594","statistik_procent":"%","statistik_beskrivelse":"Stigning i organisk trafik hos Saunagusguide"}]}]},"_links":{"self":[{"href":"https:\/\/cherry.dk\/da\/wp-json\/wp\/v2\/pages\/106","targetHints":{"allow":["GET"]}}],"collection":[{"href":"https:\/\/cherry.dk\/da\/wp-json\/wp\/v2\/pages"}],"about":[{"href":"https:\/\/cherry.dk\/da\/wp-json\/wp\/v2\/types\/page"}],"author":[{"embeddable":true,"href":"https:\/\/cherry.dk\/da\/wp-json\/wp\/v2\/users\/1"}],"replies":[{"embeddable":true,"href":"https:\/\/cherry.dk\/da\/wp-json\/wp\/v2\/comments?post=106"}],"version-history":[{"count":84,"href":"https:\/\/cherry.dk\/da\/wp-json\/wp\/v2\/pages\/106\/revisions"}],"predecessor-version":[{"id":845,"href":"https:\/\/cherry.dk\/da\/wp-json\/wp\/v2\/pages\/106\/revisions\/845"}],"wp:attachment":[{"href":"https:\/\/cherry.dk\/da\/wp-json\/wp\/v2\/media?parent=106"}],"wp:term":[{"taxonomy":"category","embeddable":true,"href":"https:\/\/cherry.dk\/da\/wp-json\/wp\/v2\/categories?post=106"},{"taxonomy":"post_tag","embeddable":true,"href":"https:\/\/cherry.dk\/da\/wp-json\/wp\/v2\/tags?post=106"}],"curies":[{"name":"wp","href":"https:\/\/api.w.org\/{rel}","templated":true}]}}