{"id":11,"date":"2025-01-31T17:29:55","date_gmt":"2025-01-31T17:29:55","guid":{"rendered":"https:\/\/cherry.dk\/?page_id=11"},"modified":"2025-04-24T12:25:14","modified_gmt":"2025-04-24T12:25:14","slug":"cases","status":"publish","type":"page","link":"https:\/\/cherry.dk\/da\/cases\/","title":{"rendered":"Cases"},"content":{"rendered":"<p>Her kan du l\u00e6se om nogle af de opgaver, vi har l\u00f8st for b\u00e5de sm\u00e5 og store virksomheder hos Cherry. Skal vi ogs\u00e5 hj\u00e6lpe dig med at skabe resultater?<\/p>\n","protected":false},"excerpt":{"rendered":"<p>Her kan du l\u00e6se om nogle af de opgaver, vi har l\u00f8st for b\u00e5de sm\u00e5 og store virksomheder hos Cherry. Skal vi ogs\u00e5 hj\u00e6lpe dig med at skabe resultater?<\/p>\n","protected":false},"author":1,"featured_media":0,"parent":0,"menu_order":0,"comment_status":"closed","ping_status":"closed","template":"Cases-Template.php","meta":{"_acf_changed":false,"inline_featured_image":false,"footnotes":""},"categories":[],"tags":[],"class_list":["post-11","page","type-page","status-publish","hentry"],"translation":{"provider":"WPGlobus","version":"3.0.2","language":"da","enabled_languages":["en","da"],"languages":{"en":{"title":true,"content":true,"excerpt":false},"da":{"title":false,"content":false,"excerpt":false}}},"acf":false,"_links":{"self":[{"href":"https:\/\/cherry.dk\/da\/wp-json\/wp\/v2\/pages\/11","targetHints":{"allow":["GET"]}}],"collection":[{"href":"https:\/\/cherry.dk\/da\/wp-json\/wp\/v2\/pages"}],"about":[{"href":"https:\/\/cherry.dk\/da\/wp-json\/wp\/v2\/types\/page"}],"author":[{"embeddable":true,"href":"https:\/\/cherry.dk\/da\/wp-json\/wp\/v2\/users\/1"}],"replies":[{"embeddable":true,"href":"https:\/\/cherry.dk\/da\/wp-json\/wp\/v2\/comments?post=11"}],"version-history":[{"count":5,"href":"https:\/\/cherry.dk\/da\/wp-json\/wp\/v2\/pages\/11\/revisions"}],"predecessor-version":[{"id":874,"href":"https:\/\/cherry.dk\/da\/wp-json\/wp\/v2\/pages\/11\/revisions\/874"}],"wp:attachment":[{"href":"https:\/\/cherry.dk\/da\/wp-json\/wp\/v2\/media?parent=11"}],"wp:term":[{"taxonomy":"category","embeddable":true,"href":"https:\/\/cherry.dk\/da\/wp-json\/wp\/v2\/categories?post=11"},{"taxonomy":"post_tag","embeddable":true,"href":"https:\/\/cherry.dk\/da\/wp-json\/wp\/v2\/tags?post=11"}],"curies":[{"name":"wp","href":"https:\/\/api.w.org\/{rel}","templated":true}]}}