{"id":231,"date":"2025-03-01T06:01:31","date_gmt":"2025-03-01T06:01:31","guid":{"rendered":"https:\/\/cherry.dk\/?page_id=231"},"modified":"2025-04-18T05:34:02","modified_gmt":"2025-04-18T05:34:02","slug":"team","status":"publish","type":"page","link":"https:\/\/cherry.dk\/da\/team\/","title":{"rendered":"Team"},"content":{"rendered":"<p>Hos Cherry er vores team kernen i alt, hvad vi g\u00f8r. Vi forener strategisk t\u00e6nkning, kreativitet og datadrevet indsigt for at skabe resultater, der g\u00f8r en forskel. Sammen bygger vi st\u00e6rke brands og langvarige partnerskaber \u2013 altid med et skarpt fokus p\u00e5 v\u00e6kst og performance.<\/p>\n","protected":false},"excerpt":{"rendered":"<p>Hos Cherry er vores team kernen i alt, hvad vi g\u00f8r. Vi forener strategisk t\u00e6nkning, kreativitet og datadrevet indsigt for at skabe resultater, der g\u00f8r en forskel. Sammen bygger vi st\u00e6rke brands og langvarige partnerskaber \u2013 altid med et skarpt fokus p\u00e5 v\u00e6kst og performance.<\/p>\n","protected":false},"author":1,"featured_media":26,"parent":0,"menu_order":0,"comment_status":"closed","ping_status":"closed","template":"Team-Template.php","meta":{"_acf_changed":false,"inline_featured_image":false,"footnotes":""},"categories":[],"tags":[],"class_list":["post-231","page","type-page","status-publish","has-post-thumbnail","hentry"],"translation":{"provider":"WPGlobus","version":"3.0.2","language":"da","enabled_languages":["en","da"],"languages":{"en":{"title":true,"content":true,"excerpt":false},"da":{"title":false,"content":false,"excerpt":false}}},"acf":{"overskrift_top":"Vores DNA hos Cherry","tekst_top":"Vi bygger p\u00e5 tillid, ansvar og f\u00e6llesskab. Vores principper sikrer, at vi skaber resultater \u2013 sammen.","ikon_1":"bi bi-people","titel_1":"Samarbejde frem for ego","beskrivelse_1":"Vi tror p\u00e5, at de bedste resultater skabes i f\u00e6llesskab. Hos Cherry prioriterer vi vores team og kundernes succes frem for individuelle pr\u00e6stationer. Vi er drevet af resultater \u2013 ikke egoer.","ikon_2":"bi bi-shield-lock","titel_2":"Ansvar & Tillid","beskrivelse_2":"Effektivitet og innovation trives bedst i et milj\u00f8 baseret p\u00e5 tillid. Vi arbejder proaktivt, tager ejerskab og tr\u00e6ffer beslutninger med sund fornuft \u2013 uden un\u00f8dvendig kontrol.","ikon_3":"bi bi-hand-thumbs-up","titel_3":"Respekt & Venlighed","beskrivelse_3":"Vi m\u00f8der hinanden og vores kunder med respekt. Vi v\u00e6rds\u00e6tter faglighed, giver anerkendelse og bygger langvarige relationer baseret p\u00e5 tillid og gennemsigtighed.","ikon_4":"bi bi-question-circle","titel_4":"Hj\u00e6lp & Samarbejde","beskrivelse_4":"Udfordringer er en del af enhver rejse. Vi ser dem som muligheder for v\u00e6kst og innovation. Vi hj\u00e6lper hinanden, deler viden og arbejder strategisk for at finde de bedste l\u00f8sninger.\r\n\r\n","ikon_5":"bi bi-emoji-smile","titel_5":"Arbejdsgl\u00e6de & Innovation","beskrivelse_5":"Ambition og engagement driver os. Vi tror p\u00e5, at de bedste resultater skabes, n\u00e5r vi har det sjovt og br\u00e6nder for det, vi laver \u2013 ogs\u00e5 n\u00e5r vi m\u00f8der modstand.","ikon_6":"bi bi-graph-up-arrow","titel_6":"Pr\u00e6station & V\u00e6kst","beskrivelse_6":"Succes m\u00e5les ikke kun i v\u00e6kst, men i v\u00e6rdien, vi skaber. Ved at levere st\u00e6rke resultater sikrer vi ikke kun vores egen udvikling, men ogs\u00e5 st\u00f8rre muligheder for vores kunder, team og forretning.","page_sections":[{"acf_fc_layout":"service_section","billede_":"https:\/\/cherry.dk\/wp-content\/uploads\/2025\/02\/Saunagusguide_top.jpg","overskrift_":"Et st\u00e6rkt team med f\u00e6lles ambitioner","tekst_":"<p>Hos Cherry er vi mere end bare kollegaer \u2013 vi er et team drevet af ambitioner, samarbejde og en f\u00e6lles mission om at skabe digitale resultater, der g\u00f8r en forskel.<\/p>\n<p>Vi tror p\u00e5 frihed under ansvar, hvor selvledelse og gensidig tillid skaber de bedste rammer for innovation og v\u00e6kst. Her er der plads til at udvikle sig, tage initiativ og t\u00e6nke stort \u2013 b\u00e5de individuelt og som hold.<\/p>\n<p>N\u00e5r vi l\u00f8fter i flok, skaber vi ikke kun st\u00e6rkere l\u00f8sninger for vores kunder \u2013 vi skaber ogs\u00e5 en arbejdsplads, hvor alle trives og kan udvikle sig professionelt og personligt.<\/p>\n"}],"formular_shortcode":""},"_links":{"self":[{"href":"https:\/\/cherry.dk\/da\/wp-json\/wp\/v2\/pages\/231","targetHints":{"allow":["GET"]}}],"collection":[{"href":"https:\/\/cherry.dk\/da\/wp-json\/wp\/v2\/pages"}],"about":[{"href":"https:\/\/cherry.dk\/da\/wp-json\/wp\/v2\/types\/page"}],"author":[{"embeddable":true,"href":"https:\/\/cherry.dk\/da\/wp-json\/wp\/v2\/users\/1"}],"replies":[{"embeddable":true,"href":"https:\/\/cherry.dk\/da\/wp-json\/wp\/v2\/comments?post=231"}],"version-history":[{"count":16,"href":"https:\/\/cherry.dk\/da\/wp-json\/wp\/v2\/pages\/231\/revisions"}],"predecessor-version":[{"id":797,"href":"https:\/\/cherry.dk\/da\/wp-json\/wp\/v2\/pages\/231\/revisions\/797"}],"wp:featuredmedia":[{"embeddable":true,"href":"https:\/\/cherry.dk\/da\/wp-json\/wp\/v2\/media\/26"}],"wp:attachment":[{"href":"https:\/\/cherry.dk\/da\/wp-json\/wp\/v2\/media?parent=231"}],"wp:term":[{"taxonomy":"category","embeddable":true,"href":"https:\/\/cherry.dk\/da\/wp-json\/wp\/v2\/categories?post=231"},{"taxonomy":"post_tag","embeddable":true,"href":"https:\/\/cherry.dk\/da\/wp-json\/wp\/v2\/tags?post=231"}],"curies":[{"name":"wp","href":"https:\/\/api.w.org\/{rel}","templated":true}]}}