{"id":504,"date":"2025-03-17T09:39:45","date_gmt":"2025-03-17T09:39:45","guid":{"rendered":"https:\/\/cherry.dk\/?page_id=504"},"modified":"2025-04-23T12:08:23","modified_gmt":"2025-04-23T12:08:23","slug":"seo-analyse","status":"publish","type":"page","link":"https:\/\/cherry.dk\/da\/seo-analyse\/","title":{"rendered":"SEO Analyse"},"content":{"rendered":"<p>Er din hjemmeside synlig p\u00e5 Google? Hos Cherry tilbyder vi en gratis og grundig SEO analyse, hvor vi identificerer pr\u00e6cis, hvad der holder dig tilbage \u2013 og hvad du kan g\u00f8re ved det.<\/p>\n","protected":false},"excerpt":{"rendered":"<p>Er din hjemmeside synlig p\u00e5 Google? Hos Cherry tilbyder vi en gratis og grundig SEO analyse, hvor vi identificerer pr\u00e6cis, hvad der holder dig tilbage \u2013 og hvad du kan g\u00f8re ved det.<\/p>\n","protected":false},"author":1,"featured_media":214,"parent":0,"menu_order":0,"comment_status":"closed","ping_status":"closed","template":"Analyser-Template.php","meta":{"_acf_changed":false,"inline_featured_image":false,"footnotes":""},"categories":[],"tags":[],"class_list":["post-504","page","type-page","status-publish","has-post-thumbnail","hentry"],"translation":{"provider":"WPGlobus","version":"3.0.2","language":"da","enabled_languages":["en","da"],"languages":{"en":{"title":true,"content":true,"excerpt":false},"da":{"title":false,"content":false,"excerpt":false}}},"acf":{"formular_shortcode":"[analysis_form service=\"SEO\"]","page_sections":[{"acf_fc_layout":"service_section","billede_":"https:\/\/cherry.dk\/wp-content\/uploads\/2025\/02\/SEO.jpg","overskrift_":"Hvorfor er en SEO analyse vigtig?","tekst_":"<p>De fleste bes\u00f8gende klikker kun p\u00e5 resultaterne p\u00e5 side 1 i Google. Hvis din side ikke er der, mister du potentielle kunder \u2013 hver eneste dag. Med vores analyse f\u00e5r du indsigt i, hvordan Google ser din hjemmeside og hvad der skal til for, at du kan f\u00e5 flere bes\u00f8g, flere leads og flere salg.<\/p>\n<p><strong>Hvordan foreg\u00e5r det?<\/strong><\/p>\n<ul class=\"list-unstyled\">\n<li>\n<div class=\"check-icon-wrapper\">\n<div class=\"check-icon\"><\/div>\n<div class=\"check-text\">Du udfylder formularen med din webadresse og kontaktinfo.<\/div>\n<\/div>\n<\/li>\n<li>\n<div class=\"check-icon-wrapper\">\n<div class=\"check-icon\"><\/div>\n<div class=\"check-text\">Vi gennemg\u00e5r din hjemmeside med professionelle SEO-v\u00e6rkt\u00f8jer.<\/div>\n<\/div>\n<\/li>\n<li>\n<div class=\"check-icon-wrapper\">\n<div class=\"check-icon\"><\/div>\n<div class=\"check-text\">Du modtager en overskuelig rapport med konkrete forbedringsforslag<\/div>\n<\/div>\n<\/li>\n<li>\n<div class=\"check-icon-wrapper\">\n<div class=\"check-icon\"><\/div>\n<div class=\"check-text\">Du bestemmer selv, om du vil have vores hj\u00e6lp bagefter \u2013 ingen binding.<\/div>\n<\/div>\n<\/li>\n<\/ul>\n<div class=\"d-grid gap-3 d-sm-flex mt-4\"><a class=\"btn btn-danger btn-lg mt-2\" title=\"F\u00e5 en gratis SEO Analyse\" href=\"#\">F\u00e5 en gratis SEO analyse<\/a> <a class=\"btn btn-outline-danger btn-lg mt-2\" href=\"#\" data-bs-toggle=\"modal\" data-bs-target=\"#BookMoede\">Book et m\u00f8de <\/a><\/div>\n"},{"acf_fc_layout":"statistics_section","overskrift_1":"Dokumenterede resultater der skaber v\u00e6kst","tekst_1":"<p>Vores strategier har hjulpet virksomheder med at \u00f8ge deres trafik, konverteringer og afkast markant. Uanset om det handler om SEO, betalt annoncering, webudvikling eller app-udvikling, leverer vi m\u00e5lbare resultater, der g\u00f8r en forskel.<\/p>\n<p>Vi sikrer, at din online tilstedev\u00e6relse er optimeret p\u00e5 alle niveauer \u2013 fra synlighed p\u00e5 Google til en brugervenlig og konverteringsklar hjemmeside eller app.<\/p>\n<div class=\"d-grid gap-3 d-sm-flex mt-4\"><a class=\"btn btn-danger btn-lg mt-2\" href=\"\/cases\" type=\"button\">Se vores cases<\/a><a class=\"btn btn-outline-danger btn-lg mt-2\" href=\"#\" data-bs-toggle=\"modal\" data-bs-target=\"#BookMoede\">Book et m\u00f8de<\/a><\/div>\n","statistik_boks":[{"statistik_tal":"640","statistik_procent":"%","statistik_beskrivelse":"Stigning i organisk trafik hos Green"},{"statistik_tal":"77","statistik_procent":"%","statistik_beskrivelse":"Flere s\u00f8geord i top 3 hos Telerepair"},{"statistik_tal":"211","statistik_procent":"%","statistik_beskrivelse":"Flere s\u00f8geord hos Bettyzoo"},{"statistik_tal":"594","statistik_procent":"%","statistik_beskrivelse":"Stigning i organisk trafik hos Saunagusguide"}]},{"acf_fc_layout":"kundeudtalelser_sektion","vis_kundeudtalelser":true},{"acf_fc_layout":"kundelogoer_sektion","vis_kundelogoer":true}],"spoergsmaal_1":"Hvad er en SEO analyse?","svar_1":"<p>En SEO analyse er en gennemgang af din hjemmesides synlighed i s\u00f8geresultaterne. Den kan variere fra automatiserede rapporter til omfattende manuelle analyser.<\/p>\n<p>Hos Cherry tilbyder vi en gratis, skr\u00e6ddersyet SEO analyse, hvor vores eksperter manuelt gennemg\u00e5r din hjemmeside for at identificere tekniske fejl, synlighedsmuligheder og optimeringspotentiale.<\/p>\n<p>Vi bruger tid p\u00e5 at forst\u00e5 din specifikke situation og udarbejder en rapport, der giver dig konkrete anbefalinger til, hvordan du kan forbedre din SEO.<\/p>\n","spoergsmaal_2":"Hvorfor er en SEO Analyse vigtig?","svar_2":"<p>En SEO-analyse giver indsigt i, hvordan din hjemmeside performer, og hvad der skal til for at forbedre dens synlighed i Google. Den hj\u00e6lper dig med at:<\/p>\n<ul>\n<li>Identificere tekniske fejl, der kan skade din synlighed<\/li>\n<li>Opdage nye s\u00f8geord og v\u00e6kstmuligheder<\/li>\n<li>Forst\u00e5 dine konkurrenters styrker og svagheder<\/li>\n<li>F\u00e5 konkrete handlinger, du kan implementere med det samme<\/li>\n<\/ul>\n<p>Uden en l\u00f8bende SEO-analyse risikerer du at miste trafik til konkurrenterne og overse vigtige optimeringsmuligheder.<\/p>\n","spoergsmaal_3":"Hvad analyserer vi i en gratis SEO-analyse?","svar_3":"<p>Vores SEO-analyse er skr\u00e6ddersyet til din virksomhed og branche. Afh\u00e6ngigt af din situation kigger vi typisk p\u00e5:<\/p>\n<ul>\n<li>Overordnet performance (organisk trafik, synlighed, dom\u00e6neautoritet mm.)<\/li>\n<li>S\u00f8geordsanalyse (hvilke s\u00f8geord du rangerer p\u00e5, og hvor du kan forbedre dig)<\/li>\n<li>Konkurrentanalyse (hvordan du klarer dig i forhold til dine konkurrenter)<\/li>\n<li>SERP-analyse (hvilke faktorer der p\u00e5virker din placering p\u00e5 vigtige s\u00f8geord)<\/li>\n<li>Teknisk SEO (indl\u00e6sningshastighed, mobilvenlighed, crawl-fejl mm.)<\/li>\n<li>On-page SEO (optimering af titler, meta-beskrivelser, overskrifter mm.)<\/li>\n<li>Semantisk SEO (forst\u00e5else af kontekst og emner p\u00e5 din hjemmeside)<\/li>\n<li>E-E-A-T vurdering (Google\u2019s kvalitetsparametre: Experience, Expertise, Authority, Trust)<\/li>\n<li>Lokal SEO (hvis du har en fysisk virksomhed med lokal tilstedev\u00e6relse)<\/li>\n<li>Andre specifikke optimeringsmuligheder baseret p\u00e5 din branche og nuv\u00e6rende performance<\/li>\n<\/ul>\n","spoergsmaal_4":"Hvordan leveres den gratis SEO-analyse fra Cherry?","svar_4":"<p>N\u00e5r du har bestilt din SEO-analyse, g\u00e5r vi i gang med en grundig manuel gennemgang af din hjemmeside.<\/p>\n<ul>\n<li>Leveringstid: Typisk inden for 2-3 hverdage afh\u00e6ngigt af eftersp\u00f8rgslen.<\/li>\n<li>Gennemgang: Vi pr\u00e6senterer analysen via et online m\u00f8de, hvor vi forklarer vores fund og giver dig mulighed for at stille sp\u00f8rgsm\u00e5l.<\/li>\n<li>Action plan: Du f\u00e5r en konkret strategi, s\u00e5 du ved pr\u00e6cis, hvilke tiltag du b\u00f8r prioritere for at forbedre din synlighed.<\/li>\n<li>Vi forbeholder os retten til at afvise anmodninger ved kapacitetsmangel eller interessekonflikter.<\/li>\n<\/ul>\n","spoergsmaal_5":"","svar_5":"","spoergsmaal_6":"","svar_6":"","spoergsmaal_7":"","svar_7":"","overskrift_top":"Indsigt & anbefalinger til bedre synlighed","tekst_top":"En grundig SEO-analyse giver jer det n\u00f8dvendige overblik over jeres nuv\u00e6rende performance og de vigtigste forbedringsmuligheder.","ikon_1":"bi bi-1-square","titel_1":"F\u00e5 et overblik over jeres generelle performance","beskrivelse_1":"Se, hvordan jeres hjemmeside klarer sig i s\u00f8gemaskinerne, og forst\u00e5 udviklingen over tid.","ikon_2":"bi bi-2-square","titel_2":"Identific\u00e9r tekniske fejl, der koster synlighed","beskrivelse_2":"Opdag og f\u00e5 indsigt i tekniske problemer, der kan p\u00e5virke jeres placeringer negativt.","ikon_3":"bi bi-3-square","titel_3":"Se, hvor I st\u00e5r i forhold til konkurrenterne","beskrivelse_3":"F\u00e5 en klar konkurrentanalyse, s\u00e5 I kan identificere styrker og svagheder i jeres SEO-strategi.","ikon_4":"bi bi-4-square","titel_4":"F\u00e5 indsigt i s\u00f8geord, der driver trafik","beskrivelse_4":"Analyser, hvilke s\u00f8geord I allerede rangerer p\u00e5, og opdag nye muligheder for v\u00e6kst.","ikon_5":"bi bi-5-square","titel_5":"Forst\u00e5, hvordan jeres indhold performer","beskrivelse_5":"Se, hvilke sider der klarer sig bedst, og hvor der er potentiale for optimering.","ikon_6":"bi bi-6-square","titel_6":"Modtag en konkret handlingsplan","beskrivelse_6":"F\u00e5 skr\u00e6ddersyede anbefalinger til, hvordan I kan forbedre jeres SEO og \u00f8ge jeres synlighed."},"_links":{"self":[{"href":"https:\/\/cherry.dk\/da\/wp-json\/wp\/v2\/pages\/504","targetHints":{"allow":["GET"]}}],"collection":[{"href":"https:\/\/cherry.dk\/da\/wp-json\/wp\/v2\/pages"}],"about":[{"href":"https:\/\/cherry.dk\/da\/wp-json\/wp\/v2\/types\/page"}],"author":[{"embeddable":true,"href":"https:\/\/cherry.dk\/da\/wp-json\/wp\/v2\/users\/1"}],"replies":[{"embeddable":true,"href":"https:\/\/cherry.dk\/da\/wp-json\/wp\/v2\/comments?post=504"}],"version-history":[{"count":76,"href":"https:\/\/cherry.dk\/da\/wp-json\/wp\/v2\/pages\/504\/revisions"}],"predecessor-version":[{"id":869,"href":"https:\/\/cherry.dk\/da\/wp-json\/wp\/v2\/pages\/504\/revisions\/869"}],"wp:featuredmedia":[{"embeddable":true,"href":"https:\/\/cherry.dk\/da\/wp-json\/wp\/v2\/media\/214"}],"wp:attachment":[{"href":"https:\/\/cherry.dk\/da\/wp-json\/wp\/v2\/media?parent=504"}],"wp:term":[{"taxonomy":"category","embeddable":true,"href":"https:\/\/cherry.dk\/da\/wp-json\/wp\/v2\/categories?post=504"},{"taxonomy":"post_tag","embeddable":true,"href":"https:\/\/cherry.dk\/da\/wp-json\/wp\/v2\/tags?post=504"}],"curies":[{"name":"wp","href":"https:\/\/api.w.org\/{rel}","templated":true}]}}